{"id":13918,"date":"2023-07-13T17:18:14","date_gmt":"2023-07-13T17:18:14","guid":{"rendered":"https:\/\/pbfsee.rs\/?page_id=13918"},"modified":"2023-09-19T10:37:06","modified_gmt":"2023-09-19T10:37:06","slug":"industry","status":"publish","type":"page","link":"https:\/\/koto.rs\/en\/industry\/","title":{"rendered":"Industry"},"content":{"rendered":"<div data-elementor-type=\"wp-page\" data-elementor-id=\"13918\" class=\"elementor elementor-13918\" data-elementor-post-type=\"page\">\n\t\t\t\t\t\t\t\t\t<section class=\"elementor-section elementor-top-section elementor-element elementor-element-7331215 elementor-section-full_width elementor-section-height-default elementor-section-height-default qodef-elementor-content-no\" data-id=\"7331215\" data-element_type=\"section\">\n\t\t\t\t\t\t<div class=\"elementor-container elementor-column-gap-default\">\n\t\t\t\t\t<div class=\"elementor-column elementor-col-100 elementor-top-column elementor-element elementor-element-a510e21\" data-id=\"a510e21\" data-element_type=\"column\">\n\t\t\t<div class=\"elementor-widget-wrap elementor-element-populated\">\n\t\t\t\t\t\t\t\t<div class=\"elementor-element elementor-element-046f94b elementor-widget elementor-widget-archicon_core_interactive_portfolio_showcase\" data-id=\"046f94b\" data-element_type=\"widget\" data-widget_type=\"archicon_core_interactive_portfolio_showcase.default\">\n\t\t\t\t<div class=\"elementor-widget-container\">\n\t\t\t<div class=\"qodef-shortcode qodef-m  qodef-interactive-portfolio-showcase qodef-item-layout--info-on-hover qodef-border-inside-header--enabled qodef-grid qodef-layout--interactive-portfolio-showcase    qodef-item-layout--info-on-hover qodef-responsive--predefined\">\n\t<div class=\"qodef-e-image-holder-outer\">\n\t\t<div class=\"qodef-e-image-holder\">\n\t\t\t\t<div class=\"qodef-e-media-image\">\n\t\t<a itemprop=\"url\" href=\"https:\/\/koto.rs\/en\/portfolio\/ctp-invest-kragujevac\/\" target=\"_self\">\n\t\t\t<img fetchpriority=\"high\" decoding=\"async\" width=\"2560\" height=\"1705\" src=\"https:\/\/koto.rs\/wp-content\/uploads\/2023\/07\/Kragujevac-02.-June-2021.-17-scaled.jpg\" class=\"attachment-full size-full wp-post-image\" alt=\"\" srcset=\"https:\/\/koto.rs\/wp-content\/uploads\/2023\/07\/Kragujevac-02.-June-2021.-17-scaled.jpg 2560w, https:\/\/koto.rs\/wp-content\/uploads\/2023\/07\/Kragujevac-02.-June-2021.-17-scaled-600x400.jpg 600w, https:\/\/koto.rs\/wp-content\/uploads\/2023\/07\/Kragujevac-02.-June-2021.-17-300x200.jpg 300w, https:\/\/koto.rs\/wp-content\/uploads\/2023\/07\/Kragujevac-02.-June-2021.-17-1024x682.jpg 1024w, https:\/\/koto.rs\/wp-content\/uploads\/2023\/07\/Kragujevac-02.-June-2021.-17-768x512.jpg 768w, https:\/\/koto.rs\/wp-content\/uploads\/2023\/07\/Kragujevac-02.-June-2021.-17-1536x1023.jpg 1536w, https:\/\/koto.rs\/wp-content\/uploads\/2023\/07\/Kragujevac-02.-June-2021.-17-2048x1364.jpg 2048w\" sizes=\"(max-width: 2560px) 100vw, 2560px\" \/>\t\t<\/a>\n\t<\/div>\n\t<div class=\"qodef-e-media-image\">\n\t\t<a itemprop=\"url\" href=\"https:\/\/koto.rs\/en\/portfolio\/froners\/\" target=\"_self\">\n\t\t\t<img decoding=\"async\" width=\"630\" height=\"473\" src=\"https:\/\/koto.rs\/wp-content\/uploads\/2023\/07\/9-FRONERI.jpg\" class=\"attachment-full size-full wp-post-image\" alt=\"\" srcset=\"https:\/\/koto.rs\/wp-content\/uploads\/2023\/07\/9-FRONERI.jpg 630w, https:\/\/koto.rs\/wp-content\/uploads\/2023\/07\/9-FRONERI-600x450.jpg 600w, https:\/\/koto.rs\/wp-content\/uploads\/2023\/07\/9-FRONERI-300x225.jpg 300w\" sizes=\"(max-width: 630px) 100vw, 630px\" \/>\t\t<\/a>\n\t<\/div>\n\t<div class=\"qodef-e-media-image\">\n\t\t<a itemprop=\"url\" href=\"https:\/\/koto.rs\/en\/portfolio\/healthcare-rum\/\" target=\"_self\">\n\t\t\t<img decoding=\"async\" width=\"1920\" height=\"1080\" src=\"https:\/\/koto.rs\/wp-content\/uploads\/2023\/07\/6.png\" class=\"attachment-full size-full wp-post-image\" alt=\"\" srcset=\"https:\/\/koto.rs\/wp-content\/uploads\/2023\/07\/6.png 1920w, https:\/\/koto.rs\/wp-content\/uploads\/2023\/07\/6-600x338.png 600w, https:\/\/koto.rs\/wp-content\/uploads\/2023\/07\/6-300x169.png 300w, https:\/\/koto.rs\/wp-content\/uploads\/2023\/07\/6-1024x576.png 1024w, https:\/\/koto.rs\/wp-content\/uploads\/2023\/07\/6-768x432.png 768w, https:\/\/koto.rs\/wp-content\/uploads\/2023\/07\/6-1536x864.png 1536w\" sizes=\"(max-width: 1920px) 100vw, 1920px\" \/>\t\t<\/a>\n\t<\/div>\n\t<div class=\"qodef-e-media-image\">\n\t\t<a itemprop=\"url\" href=\"https:\/\/koto.rs\/en\/portfolio\/lidl-pine\/\" target=\"_self\">\n\t\t\t<img loading=\"lazy\" decoding=\"async\" width=\"700\" height=\"350\" src=\"https:\/\/koto.rs\/wp-content\/uploads\/2023\/08\/Lidl-Bor-2018-01.jpg\" class=\"attachment-full size-full wp-post-image\" alt=\"\" srcset=\"https:\/\/koto.rs\/wp-content\/uploads\/2023\/08\/Lidl-Bor-2018-01.jpg 700w, https:\/\/koto.rs\/wp-content\/uploads\/2023\/08\/Lidl-Bor-2018-01-300x150.jpg 300w, https:\/\/koto.rs\/wp-content\/uploads\/2023\/08\/Lidl-Bor-2018-01-600x300.jpg 600w\" sizes=\"(max-width: 700px) 100vw, 700px\" \/>\t\t<\/a>\n\t<\/div>\n\t<div class=\"qodef-e-media-image\">\n\t\t<a itemprop=\"url\" href=\"https:\/\/koto.rs\/en\/portfolio\/lidl-fighter\/\" target=\"_self\">\n\t\t\t<img loading=\"lazy\" decoding=\"async\" width=\"800\" height=\"445\" src=\"https:\/\/koto.rs\/wp-content\/uploads\/2023\/08\/Lidl-Borca.png\" class=\"attachment-full size-full wp-post-image\" alt=\"\" srcset=\"https:\/\/koto.rs\/wp-content\/uploads\/2023\/08\/Lidl-Borca.png 800w, https:\/\/koto.rs\/wp-content\/uploads\/2023\/08\/Lidl-Borca-300x167.png 300w, https:\/\/koto.rs\/wp-content\/uploads\/2023\/08\/Lidl-Borca-768x427.png 768w, https:\/\/koto.rs\/wp-content\/uploads\/2023\/08\/Lidl-Borca-600x334.png 600w\" sizes=\"(max-width: 800px) 100vw, 800px\" \/>\t\t<\/a>\n\t<\/div>\n\t<div class=\"qodef-e-media-image\">\n\t\t<a itemprop=\"url\" href=\"https:\/\/koto.rs\/en\/portfolio\/rauch-boilers\/\" target=\"_self\">\n\t\t\t<img loading=\"lazy\" decoding=\"async\" width=\"2420\" height=\"1372\" src=\"https:\/\/koto.rs\/wp-content\/uploads\/2023\/07\/Rauch_Srbija_Koceljeva-sredjena-2.jpg\" class=\"attachment-full size-full wp-post-image\" alt=\"\" srcset=\"https:\/\/koto.rs\/wp-content\/uploads\/2023\/07\/Rauch_Srbija_Koceljeva-sredjena-2.jpg 2420w, https:\/\/koto.rs\/wp-content\/uploads\/2023\/07\/Rauch_Srbija_Koceljeva-sredjena-2-300x170.jpg 300w, https:\/\/koto.rs\/wp-content\/uploads\/2023\/07\/Rauch_Srbija_Koceljeva-sredjena-2-1024x581.jpg 1024w, https:\/\/koto.rs\/wp-content\/uploads\/2023\/07\/Rauch_Srbija_Koceljeva-sredjena-2-768x435.jpg 768w, https:\/\/koto.rs\/wp-content\/uploads\/2023\/07\/Rauch_Srbija_Koceljeva-sredjena-2-1536x871.jpg 1536w, https:\/\/koto.rs\/wp-content\/uploads\/2023\/07\/Rauch_Srbija_Koceljeva-sredjena-2-2048x1161.jpg 2048w, https:\/\/koto.rs\/wp-content\/uploads\/2023\/07\/Rauch_Srbija_Koceljeva-sredjena-2-600x340.jpg 600w\" sizes=\"(max-width: 2420px) 100vw, 2420px\" \/>\t\t<\/a>\n\t<\/div>\n\t<div class=\"qodef-e-media-image\">\n\t\t<a itemprop=\"url\" href=\"https:\/\/koto.rs\/en\/portfolio\/sport-vision-simanovici\/\" target=\"_self\">\n\t\t\t<img loading=\"lazy\" decoding=\"async\" width=\"2560\" height=\"1705\" src=\"https:\/\/koto.rs\/wp-content\/uploads\/2023\/08\/SportVision-06.-June-2020.-4-scaled.jpg\" class=\"attachment-full size-full wp-post-image\" alt=\"\" srcset=\"https:\/\/koto.rs\/wp-content\/uploads\/2023\/08\/SportVision-06.-June-2020.-4-scaled.jpg 2560w, https:\/\/koto.rs\/wp-content\/uploads\/2023\/08\/SportVision-06.-June-2020.-4-300x200.jpg 300w, https:\/\/koto.rs\/wp-content\/uploads\/2023\/08\/SportVision-06.-June-2020.-4-1024x682.jpg 1024w, https:\/\/koto.rs\/wp-content\/uploads\/2023\/08\/SportVision-06.-June-2020.-4-768x512.jpg 768w, https:\/\/koto.rs\/wp-content\/uploads\/2023\/08\/SportVision-06.-June-2020.-4-1536x1023.jpg 1536w, https:\/\/koto.rs\/wp-content\/uploads\/2023\/08\/SportVision-06.-June-2020.-4-2048x1364.jpg 2048w, https:\/\/koto.rs\/wp-content\/uploads\/2023\/08\/SportVision-06.-June-2020.-4-600x400.jpg 600w\" sizes=\"(max-width: 2560px) 100vw, 2560px\" \/>\t\t<\/a>\n\t<\/div>\n\t<div class=\"qodef-e-media-image\">\n\t\t<a itemprop=\"url\" href=\"https:\/\/koto.rs\/en\/portfolio\/stihl-novi-beograd\/\" target=\"_self\">\n\t\t\t<img loading=\"lazy\" decoding=\"async\" width=\"2560\" height=\"1584\" src=\"https:\/\/koto.rs\/wp-content\/uploads\/2023\/07\/poslovni-objekat-STIHL-1-02a-scaled.jpg\" class=\"attachment-full size-full wp-post-image\" alt=\"\" srcset=\"https:\/\/koto.rs\/wp-content\/uploads\/2023\/07\/poslovni-objekat-STIHL-1-02a-scaled.jpg 2560w, https:\/\/koto.rs\/wp-content\/uploads\/2023\/07\/poslovni-objekat-STIHL-1-02a-300x186.jpg 300w, https:\/\/koto.rs\/wp-content\/uploads\/2023\/07\/poslovni-objekat-STIHL-1-02a-1024x634.jpg 1024w, https:\/\/koto.rs\/wp-content\/uploads\/2023\/07\/poslovni-objekat-STIHL-1-02a-768x475.jpg 768w, https:\/\/koto.rs\/wp-content\/uploads\/2023\/07\/poslovni-objekat-STIHL-1-02a-1536x950.jpg 1536w, https:\/\/koto.rs\/wp-content\/uploads\/2023\/07\/poslovni-objekat-STIHL-1-02a-2048x1267.jpg 2048w, https:\/\/koto.rs\/wp-content\/uploads\/2023\/07\/poslovni-objekat-STIHL-1-02a-600x371.jpg 600w\" sizes=\"(max-width: 2560px) 100vw, 2560px\" \/>\t\t<\/a>\n\t<\/div>\n\t\t<\/div>\n\t<\/div>\n\t<div class=\"qodef-info-holder\">\n\t\t<div class=\"qodef-e-info--top\">\n\t\t\t\t<h2 class=\"qodef-e-info-text\">\n\t\t<span class=\"qodef-text-item\">Industry\n<\/span>\t<\/h2>\n\t\t\t<\/div>\n\t\t<div class=\"qodef-e-info-list\">\n\t<div class=\"qodef-e-info-heading-row\">\n\t\t\t<h6 class=\"qodef-e-item qodef-e-item-title\">\n\t\tProject\t<\/h6>\n\t<h6 class=\"qodef-e-item qodef-e-item-area\">\n\t\tLocation\t<\/h6>\n\t<h6 class=\"qodef-e-item qodef-e-item-year\">\n\t\tYear\t<\/h6>\n\t<\/div>\n\t<div class=\"qodef-e-info-content\">\n\t\t<article class=\"qodef-e qodef-grid-item  post-13906 portfolio-item type-portfolio-item status-publish has-post-thumbnail hentry portfolio-category-industrija\">\n\t<div class=\"qodef-e-inner\">\n\t\t<div class=\"qodef-e-content\">\n\t\t\t<h4 itemprop=\"name\" class=\"qodef-e-title entry-title\" >\n\t<svg class=\"qodef-svg--portfolio-arrow\" xmlns=\"http:\/\/www.w3.org\/2000\/svg\" width=\"15.117\" height=\"12.372\" viewbox=\"0 0 15.117 12.372\"><g transform=\"translate(-0.001 0.53)\"><line x2=\"13.829\" transform=\"translate(0.001 5.604)\" \/><path d=\"M579.5,677.139l5.656,5.656L579.5,688.45\" transform=\"translate(-571.098 -677.139)\" \/><\/g><\/svg>\t<a itemprop=\"url\" class=\"qodef-e-title-link\" href=\"https:\/\/koto.rs\/en\/portfolio\/ctp-invest-kragujevac\/\" target=\"_self\">\n\t\tCTP Invest \u2013 Kragujevac\t<\/a>\n<\/h4>\n\t<div class=\"qodef-e-info-area\">\n\t\t\t<span class=\"qodef-e-info-location\">\n\t\t\t\t\tKragujevac, SERBIA\t\t\t<\/span>\n\t<\/div>\n\t<h5 class=\"qodef-e-info-year\">2020 <\/h5>\n\t\t<\/div>\n\t<\/div>\n<\/article>\n<article class=\"qodef-e qodef-grid-item  post-13910 portfolio-item type-portfolio-item status-publish has-post-thumbnail hentry portfolio-category-industrija\">\n\t<div class=\"qodef-e-inner\">\n\t\t<div class=\"qodef-e-content\">\n\t\t\t<h4 itemprop=\"name\" class=\"qodef-e-title entry-title\" >\n\t<svg class=\"qodef-svg--portfolio-arrow\" xmlns=\"http:\/\/www.w3.org\/2000\/svg\" width=\"15.117\" height=\"12.372\" viewbox=\"0 0 15.117 12.372\"><g transform=\"translate(-0.001 0.53)\"><line x2=\"13.829\" transform=\"translate(0.001 5.604)\" \/><path d=\"M579.5,677.139l5.656,5.656L579.5,688.45\" transform=\"translate(-571.098 -677.139)\" \/><\/g><\/svg>\t<a itemprop=\"url\" class=\"qodef-e-title-link\" href=\"https:\/\/koto.rs\/en\/portfolio\/froners\/\" target=\"_self\">\n\t\tFroneri\t<\/a>\n<\/h4>\n\t<div class=\"qodef-e-info-area\">\n\t\t\t<span class=\"qodef-e-info-location\">\n\t\t\t\t\tStara Pazova, SERBIA\t\t\t<\/span>\n\t<\/div>\n\t<h5 class=\"qodef-e-info-year\">2017-2018 <\/h5>\n\t\t<\/div>\n\t<\/div>\n<\/article>\n<article class=\"qodef-e qodef-grid-item  post-13912 portfolio-item type-portfolio-item status-publish has-post-thumbnail hentry portfolio-category-industrija\">\n\t<div class=\"qodef-e-inner\">\n\t\t<div class=\"qodef-e-content\">\n\t\t\t<h4 itemprop=\"name\" class=\"qodef-e-title entry-title\" >\n\t<svg class=\"qodef-svg--portfolio-arrow\" xmlns=\"http:\/\/www.w3.org\/2000\/svg\" width=\"15.117\" height=\"12.372\" viewbox=\"0 0 15.117 12.372\"><g transform=\"translate(-0.001 0.53)\"><line x2=\"13.829\" transform=\"translate(0.001 5.604)\" \/><path d=\"M579.5,677.139l5.656,5.656L579.5,688.45\" transform=\"translate(-571.098 -677.139)\" \/><\/g><\/svg>\t<a itemprop=\"url\" class=\"qodef-e-title-link\" href=\"https:\/\/koto.rs\/en\/portfolio\/healthcare-rum\/\" target=\"_self\">\n\t\tHealthCare Ruma\t<\/a>\n<\/h4>\n\t<div class=\"qodef-e-info-area\">\n\t\t\t<span class=\"qodef-e-info-location\">\n\t\t\t\t\tRuma, SERBIA\t\t\t<\/span>\n\t<\/div>\n\t<h5 class=\"qodef-e-info-year\">2014-2020 <\/h5>\n\t\t<\/div>\n\t<\/div>\n<\/article>\n<article class=\"qodef-e qodef-grid-item  post-13982 portfolio-item type-portfolio-item status-publish has-post-thumbnail hentry portfolio-category-industrija\">\n\t<div class=\"qodef-e-inner\">\n\t\t<div class=\"qodef-e-content\">\n\t\t\t<h4 itemprop=\"name\" class=\"qodef-e-title entry-title\" >\n\t<svg class=\"qodef-svg--portfolio-arrow\" xmlns=\"http:\/\/www.w3.org\/2000\/svg\" width=\"15.117\" height=\"12.372\" viewbox=\"0 0 15.117 12.372\"><g transform=\"translate(-0.001 0.53)\"><line x2=\"13.829\" transform=\"translate(0.001 5.604)\" \/><path d=\"M579.5,677.139l5.656,5.656L579.5,688.45\" transform=\"translate(-571.098 -677.139)\" \/><\/g><\/svg>\t<a itemprop=\"url\" class=\"qodef-e-title-link\" href=\"https:\/\/koto.rs\/en\/portfolio\/lidl-pine\/\" target=\"_self\">\n\t\tLidl Bor\t<\/a>\n<\/h4>\n\t<div class=\"qodef-e-info-area\">\n\t\t\t<span class=\"qodef-e-info-location\">\n\t\t\t\t\tBor, SERBIA\t\t\t<\/span>\n\t<\/div>\n\t<h5 class=\"qodef-e-info-year\">2016-2017 <\/h5>\n\t\t<\/div>\n\t<\/div>\n<\/article>\n<article class=\"qodef-e qodef-grid-item  post-13987 portfolio-item type-portfolio-item status-publish has-post-thumbnail hentry portfolio-category-industrija\">\n\t<div class=\"qodef-e-inner\">\n\t\t<div class=\"qodef-e-content\">\n\t\t\t<h4 itemprop=\"name\" class=\"qodef-e-title entry-title\" >\n\t<svg class=\"qodef-svg--portfolio-arrow\" xmlns=\"http:\/\/www.w3.org\/2000\/svg\" width=\"15.117\" height=\"12.372\" viewbox=\"0 0 15.117 12.372\"><g transform=\"translate(-0.001 0.53)\"><line x2=\"13.829\" transform=\"translate(0.001 5.604)\" \/><path d=\"M579.5,677.139l5.656,5.656L579.5,688.45\" transform=\"translate(-571.098 -677.139)\" \/><\/g><\/svg>\t<a itemprop=\"url\" class=\"qodef-e-title-link\" href=\"https:\/\/koto.rs\/en\/portfolio\/lidl-fighter\/\" target=\"_self\">\n\t\tLidl Borca\t<\/a>\n<\/h4>\n\t<div class=\"qodef-e-info-area\">\n\t\t\t<span class=\"qodef-e-info-location\">\n\t\t\t\t\tBor\u010da, SERBIA\t\t\t<\/span>\n\t<\/div>\n\t<h5 class=\"qodef-e-info-year\">2016-2017 <\/h5>\n\t\t<\/div>\n\t<\/div>\n<\/article>\n<article class=\"qodef-e qodef-grid-item  post-13993 portfolio-item type-portfolio-item status-publish has-post-thumbnail hentry portfolio-category-industrija\">\n\t<div class=\"qodef-e-inner\">\n\t\t<div class=\"qodef-e-content\">\n\t\t\t<h4 itemprop=\"name\" class=\"qodef-e-title entry-title\" >\n\t<svg class=\"qodef-svg--portfolio-arrow\" xmlns=\"http:\/\/www.w3.org\/2000\/svg\" width=\"15.117\" height=\"12.372\" viewbox=\"0 0 15.117 12.372\"><g transform=\"translate(-0.001 0.53)\"><line x2=\"13.829\" transform=\"translate(0.001 5.604)\" \/><path d=\"M579.5,677.139l5.656,5.656L579.5,688.45\" transform=\"translate(-571.098 -677.139)\" \/><\/g><\/svg>\t<a itemprop=\"url\" class=\"qodef-e-title-link\" href=\"https:\/\/koto.rs\/en\/portfolio\/rauch-boilers\/\" target=\"_self\">\n\t\tRauch\t<\/a>\n<\/h4>\n\t<div class=\"qodef-e-info-area\">\n\t\t\t<span class=\"qodef-e-info-location\">\n\t\t\t\t\tKoceljeva, SERBIA\t\t\t<\/span>\n\t<\/div>\n\t<h5 class=\"qodef-e-info-year\">2018-2020 <\/h5>\n\t\t<\/div>\n\t<\/div>\n<\/article>\n<article class=\"qodef-e qodef-grid-item  post-13998 portfolio-item type-portfolio-item status-publish has-post-thumbnail hentry portfolio-category-industrija\">\n\t<div class=\"qodef-e-inner\">\n\t\t<div class=\"qodef-e-content\">\n\t\t\t<h4 itemprop=\"name\" class=\"qodef-e-title entry-title\" >\n\t<svg class=\"qodef-svg--portfolio-arrow\" xmlns=\"http:\/\/www.w3.org\/2000\/svg\" width=\"15.117\" height=\"12.372\" viewbox=\"0 0 15.117 12.372\"><g transform=\"translate(-0.001 0.53)\"><line x2=\"13.829\" transform=\"translate(0.001 5.604)\" \/><path d=\"M579.5,677.139l5.656,5.656L579.5,688.45\" transform=\"translate(-571.098 -677.139)\" \/><\/g><\/svg>\t<a itemprop=\"url\" class=\"qodef-e-title-link\" href=\"https:\/\/koto.rs\/en\/portfolio\/sport-vision-simanovici\/\" target=\"_self\">\n\t\tSPORT VISION\t<\/a>\n<\/h4>\n\t<div class=\"qodef-e-info-area\">\n\t\t\t<span class=\"qodef-e-info-location\">\n\t\t\t\t\t\u0160imanovci, SERBIA\t\t\t<\/span>\n\t<\/div>\n\t<h5 class=\"qodef-e-info-year\">2018-2019 <\/h5>\n\t\t<\/div>\n\t<\/div>\n<\/article>\n<article class=\"qodef-e qodef-grid-item  post-14001 portfolio-item type-portfolio-item status-publish has-post-thumbnail hentry portfolio-category-industrija portfolio-tag-izabran\">\n\t<div class=\"qodef-e-inner\">\n\t\t<div class=\"qodef-e-content\">\n\t\t\t<h4 itemprop=\"name\" class=\"qodef-e-title entry-title\" >\n\t<svg class=\"qodef-svg--portfolio-arrow\" xmlns=\"http:\/\/www.w3.org\/2000\/svg\" width=\"15.117\" height=\"12.372\" viewbox=\"0 0 15.117 12.372\"><g transform=\"translate(-0.001 0.53)\"><line x2=\"13.829\" transform=\"translate(0.001 5.604)\" \/><path d=\"M579.5,677.139l5.656,5.656L579.5,688.45\" transform=\"translate(-571.098 -677.139)\" \/><\/g><\/svg>\t<a itemprop=\"url\" class=\"qodef-e-title-link\" href=\"https:\/\/koto.rs\/en\/portfolio\/stihl-novi-beograd\/\" target=\"_self\">\n\t\tSTIHL\t<\/a>\n<\/h4>\n\t<div class=\"qodef-e-info-area\">\n\t\t\t<span class=\"qodef-e-info-location\">\n\t\t\t\t\tNew Belgrade, SERBIA\t\t\t<\/span>\n\t<\/div>\n\t<h5 class=\"qodef-e-info-year\">2021-2022 <\/h5>\n\t\t<\/div>\n\t<\/div>\n<\/article>\n\t<\/div>\n<\/div>\n\t<\/div>\n<\/div>\n\t\t<\/div>\n\t\t\t\t<\/div>\n\t\t\t\t\t<\/div>\n\t\t<\/div>\n\t\t\t\t\t\t\t<\/div>\n\t\t<\/section>\n\t\t\t\t\t\t\t<\/div>","protected":false},"excerpt":{"rendered":"<p>Industry Facility Location Year CTP Invest \u2013 Kragujevac Kragujevac, SERBIA 2020 Froneri Stara Pazova, SERBIA 2017-2018 HealthCare Ruma Ruma, SERBIA 2017-2019 Lidl Bor Bor, SERBIA 2016-2017 Lidl Bor\u010da Bor\u010da, SERBIA 2016-2017 Rauch Koceljeva, SERBIA 2018- 2020 SPORT VISION \u0160imanovci, SERBIA 2018-2019 STIHL Novi Belgrade, SERBIA 2021-2022<\/p>","protected":false},"author":1,"featured_media":0,"parent":0,"menu_order":0,"comment_status":"closed","ping_status":"closed","template":"page-full-width.php","meta":{"footnotes":""},"class_list":["post-13918","page","type-page","status-publish","hentry"],"_links":{"self":[{"href":"https:\/\/koto.rs\/en\/wp-json\/wp\/v2\/pages\/13918","targetHints":{"allow":["GET"]}}],"collection":[{"href":"https:\/\/koto.rs\/en\/wp-json\/wp\/v2\/pages"}],"about":[{"href":"https:\/\/koto.rs\/en\/wp-json\/wp\/v2\/types\/page"}],"author":[{"embeddable":true,"href":"https:\/\/koto.rs\/en\/wp-json\/wp\/v2\/users\/1"}],"replies":[{"embeddable":true,"href":"https:\/\/koto.rs\/en\/wp-json\/wp\/v2\/comments?post=13918"}],"version-history":[{"count":22,"href":"https:\/\/koto.rs\/en\/wp-json\/wp\/v2\/pages\/13918\/revisions"}],"predecessor-version":[{"id":16366,"href":"https:\/\/koto.rs\/en\/wp-json\/wp\/v2\/pages\/13918\/revisions\/16366"}],"wp:attachment":[{"href":"https:\/\/koto.rs\/en\/wp-json\/wp\/v2\/media?parent=13918"}],"curies":[{"name":"wp","href":"https:\/\/api.w.org\/{rel}","templated":true}]}}