{"id":15278,"date":"2023-08-16T11:21:59","date_gmt":"2023-08-16T11:21:59","guid":{"rendered":"https:\/\/pbfsee.rs\/?page_id=15278"},"modified":"2025-10-21T09:08:41","modified_gmt":"2025-10-21T09:08:41","slug":"certificates","status":"publish","type":"page","link":"https:\/\/koto.rs\/en\/certificates\/","title":{"rendered":"Certificates"},"content":{"rendered":"<div data-elementor-type=\"wp-page\" data-elementor-id=\"15278\" class=\"elementor elementor-15278\" data-elementor-post-type=\"page\">\n\t\t\t\t\t\t\t\t\t<section class=\"elementor-section elementor-top-section elementor-element elementor-element-19f6dc4 elementor-section-full_width elementor-section-height-default elementor-section-height-default qodef-elementor-content-no\" data-id=\"19f6dc4\" data-element_type=\"section\" data-settings=\"{&quot;background_background&quot;:&quot;classic&quot;}\">\n\t\t\t\t\t\t<div class=\"elementor-container elementor-column-gap-default\">\n\t\t\t\t\t<div class=\"elementor-column elementor-col-100 elementor-top-column elementor-element elementor-element-f9ffe46\" data-id=\"f9ffe46\" data-element_type=\"column\" data-settings=\"{&quot;background_background&quot;:&quot;classic&quot;}\">\n\t\t\t<div class=\"elementor-widget-wrap elementor-element-populated\">\n\t\t\t\t\t\t\t\t<div class=\"elementor-element elementor-element-5bce177 elementor-widget__width-initial elementor-widget elementor-widget-archicon_core_section_title\" data-id=\"5bce177\" data-element_type=\"widget\" data-widget_type=\"archicon_core_section_title.default\">\n\t\t\t\t<div class=\"elementor-widget-container\">\n\t\t\t<div class=\"qodef-shortcode qodef-m specijalniNaslov qodef-section-title qodef-alignment--center\"  >\n\t\t\t\t<h2 class=\"qodef-m-text\" >\n\t\tISO Certificates\t<\/h2>\n\t<\/div>\n\t\t<\/div>\n\t\t\t\t<\/div>\n\t\t\t\t\t<\/div>\n\t\t<\/div>\n\t\t\t\t\t\t\t<\/div>\n\t\t<\/section>\n\t\t\t\t<section class=\"elementor-section elementor-top-section elementor-element elementor-element-eb7dad4 elementor-section-boxed elementor-section-height-default elementor-section-height-default qodef-elementor-content-no\" data-id=\"eb7dad4\" data-element_type=\"section\">\n\t\t\t\t\t\t<div class=\"elementor-container elementor-column-gap-default\">\n\t\t\t\t\t<div class=\"elementor-column elementor-col-100 elementor-top-column elementor-element elementor-element-f2ffc13\" data-id=\"f2ffc13\" data-element_type=\"column\">\n\t\t\t<div class=\"elementor-widget-wrap elementor-element-populated\">\n\t\t\t\t\t\t\t\t<div class=\"elementor-element elementor-element-fb4a777 elementor-widget elementor-widget-archicon_core_section_title\" data-id=\"fb4a777\" data-element_type=\"widget\" data-widget_type=\"archicon_core_section_title.default\">\n\t\t\t\t<div class=\"elementor-widget-container\">\n\t\t\t<div class=\"qodef-shortcode qodef-m  qodef-section-title qodef-alignment--justify\"  >\n\t\t\t\t<h5 class=\"qodef-m-text\" >\n\t\tQuality and manageability of business processes and the business system as a whole (ISO 9001),\nresponsible, manageable and sustainable business from the aspect of environmental protection\n(ISO 14001), business continuity (ISO 22301), information security (ISO 27001), anti-bribery (ISO\n37001) safety and health at work (ISO 45001), energy efficiency (ISO 50001), the company KOTO\nproves with certificates about the implemented integral management system, issued by accredited\ninternational bodies.\t<\/h5>\n\t<\/div>\n\t\t<\/div>\n\t\t\t\t<\/div>\n\t\t\t\t\t<\/div>\n\t\t<\/div>\n\t\t\t\t\t\t\t<\/div>\n\t\t<\/section>\n\t\t\t\t<section class=\"elementor-section elementor-top-section elementor-element elementor-element-072e5e5 elementor-section-boxed elementor-section-height-default elementor-section-height-default qodef-elementor-content-no\" data-id=\"072e5e5\" data-element_type=\"section\" data-settings=\"{&quot;background_background&quot;:&quot;classic&quot;}\">\n\t\t\t\t\t\t<div class=\"elementor-container elementor-column-gap-default\">\n\t\t\t\t\t<div class=\"elementor-column elementor-col-33 elementor-top-column elementor-element elementor-element-bfbd0ac\" data-id=\"bfbd0ac\" data-element_type=\"column\">\n\t\t\t<div class=\"elementor-widget-wrap elementor-element-populated\">\n\t\t\t\t\t\t\t\t<div class=\"elementor-element elementor-element-d8325cc elementor-widget elementor-widget-archicon_core_image_with_text\" data-id=\"d8325cc\" data-element_type=\"widget\" data-widget_type=\"archicon_core_image_with_text.default\">\n\t\t\t\t<div class=\"elementor-widget-container\">\n\t\t\t<div class=\"qodef-shortcode qodef-m  qodef-image-with-text qodef-layout--text-below\">\n\t<div class=\"qodef-m-image\">\n\t\t\t<img fetchpriority=\"high\" decoding=\"async\" width=\"612\" height=\"858\" src=\"https:\/\/koto.rs\/wp-content\/uploads\/2025\/10\/ISO-9001_2015_En.jpg\" class=\"attachment-full size-full\" alt=\"\" srcset=\"https:\/\/koto.rs\/wp-content\/uploads\/2025\/10\/ISO-9001_2015_En.jpg 612w, https:\/\/koto.rs\/wp-content\/uploads\/2025\/10\/ISO-9001_2015_En-214x300.jpg 214w, https:\/\/koto.rs\/wp-content\/uploads\/2025\/10\/ISO-9001_2015_En-9x12.jpg 9w, https:\/\/koto.rs\/wp-content\/uploads\/2025\/10\/ISO-9001_2015_En-600x841.jpg 600w\" sizes=\"(max-width: 612px) 100vw, 612px\" \/>\t<\/div>\n\t<div class=\"qodef-m-content\">\n\t\t\t<h6 class=\"qodef-m-title\" >\n\t\t\t\t\tISO 9001\t\t\t<\/h6>\n\t\t\t<p class=\"qodef-m-text\" >Quality Management System<\/p>\n\t<\/div>\n<\/div>\n\t\t<\/div>\n\t\t\t\t<\/div>\n\t\t\t\t\t<\/div>\n\t\t<\/div>\n\t\t\t\t<div class=\"elementor-column elementor-col-33 elementor-top-column elementor-element elementor-element-fd3c033\" data-id=\"fd3c033\" data-element_type=\"column\">\n\t\t\t<div class=\"elementor-widget-wrap elementor-element-populated\">\n\t\t\t\t\t\t\t\t<div class=\"elementor-element elementor-element-42bf6cc elementor-widget elementor-widget-archicon_core_image_with_text\" data-id=\"42bf6cc\" data-element_type=\"widget\" data-widget_type=\"archicon_core_image_with_text.default\">\n\t\t\t\t<div class=\"elementor-widget-container\">\n\t\t\t<div class=\"qodef-shortcode qodef-m  qodef-image-with-text qodef-layout--text-below\">\n\t<div class=\"qodef-m-image\">\n\t\t\t<img decoding=\"async\" width=\"612\" height=\"858\" src=\"https:\/\/koto.rs\/wp-content\/uploads\/2025\/10\/ISO-14001_2015_En.jpg\" class=\"attachment-full size-full\" alt=\"\" srcset=\"https:\/\/koto.rs\/wp-content\/uploads\/2025\/10\/ISO-14001_2015_En.jpg 612w, https:\/\/koto.rs\/wp-content\/uploads\/2025\/10\/ISO-14001_2015_En-214x300.jpg 214w, https:\/\/koto.rs\/wp-content\/uploads\/2025\/10\/ISO-14001_2015_En-9x12.jpg 9w, https:\/\/koto.rs\/wp-content\/uploads\/2025\/10\/ISO-14001_2015_En-600x841.jpg 600w\" sizes=\"(max-width: 612px) 100vw, 612px\" \/>\t<\/div>\n\t<div class=\"qodef-m-content\">\n\t\t\t<h6 class=\"qodef-m-title\" >\n\t\t\t\t\tISO 14001\t\t\t<\/h6>\n\t\t\t<p class=\"qodef-m-text\" >Environmental Management System<\/p>\n\t<\/div>\n<\/div>\n\t\t<\/div>\n\t\t\t\t<\/div>\n\t\t\t\t\t<\/div>\n\t\t<\/div>\n\t\t\t\t<div class=\"elementor-column elementor-col-33 elementor-top-column elementor-element elementor-element-a630d03\" data-id=\"a630d03\" data-element_type=\"column\">\n\t\t\t<div class=\"elementor-widget-wrap elementor-element-populated\">\n\t\t\t\t\t\t\t\t<div class=\"elementor-element elementor-element-2eecb19 elementor-widget elementor-widget-archicon_core_image_with_text\" data-id=\"2eecb19\" data-element_type=\"widget\" data-widget_type=\"archicon_core_image_with_text.default\">\n\t\t\t\t<div class=\"elementor-widget-container\">\n\t\t\t<div class=\"qodef-shortcode qodef-m  qodef-image-with-text qodef-layout--text-below\">\n\t<div class=\"qodef-m-image\">\n\t\t\t<img decoding=\"async\" width=\"612\" height=\"858\" src=\"https:\/\/koto.rs\/wp-content\/uploads\/2025\/10\/ISO-27001_2022_En.jpg\" class=\"attachment-full size-full\" alt=\"\" srcset=\"https:\/\/koto.rs\/wp-content\/uploads\/2025\/10\/ISO-27001_2022_En.jpg 612w, https:\/\/koto.rs\/wp-content\/uploads\/2025\/10\/ISO-27001_2022_En-214x300.jpg 214w, https:\/\/koto.rs\/wp-content\/uploads\/2025\/10\/ISO-27001_2022_En-9x12.jpg 9w, https:\/\/koto.rs\/wp-content\/uploads\/2025\/10\/ISO-27001_2022_En-600x841.jpg 600w\" sizes=\"(max-width: 612px) 100vw, 612px\" \/>\t<\/div>\n\t<div class=\"qodef-m-content\">\n\t\t\t<h6 class=\"qodef-m-title\" >\n\t\t\t\t\tISO 27001\t\t\t<\/h6>\n\t\t\t<p class=\"qodef-m-text\" >Information Security Management System<\/p>\n\t<\/div>\n<\/div>\n\t\t<\/div>\n\t\t\t\t<\/div>\n\t\t\t\t\t<\/div>\n\t\t<\/div>\n\t\t\t\t\t\t\t<\/div>\n\t\t<\/section>\n\t\t\t\t<section class=\"elementor-section elementor-top-section elementor-element elementor-element-491324e elementor-section-boxed elementor-section-height-default elementor-section-height-default qodef-elementor-content-no\" data-id=\"491324e\" data-element_type=\"section\">\n\t\t\t\t\t\t<div class=\"elementor-container elementor-column-gap-default\">\n\t\t\t\t\t<div class=\"elementor-column elementor-col-33 elementor-top-column elementor-element elementor-element-72ac217\" data-id=\"72ac217\" data-element_type=\"column\">\n\t\t\t<div class=\"elementor-widget-wrap elementor-element-populated\">\n\t\t\t\t\t\t\t\t<div class=\"elementor-element elementor-element-1ab60c4 elementor-widget elementor-widget-archicon_core_image_with_text\" data-id=\"1ab60c4\" data-element_type=\"widget\" data-widget_type=\"archicon_core_image_with_text.default\">\n\t\t\t\t<div class=\"elementor-widget-container\">\n\t\t\t<div class=\"qodef-shortcode qodef-m  qodef-image-with-text qodef-layout--text-below\">\n\t<div class=\"qodef-m-image\">\n\t\t\t<img loading=\"lazy\" decoding=\"async\" width=\"612\" height=\"858\" src=\"https:\/\/koto.rs\/wp-content\/uploads\/2025\/10\/ISO-45001_2018_En.jpg\" class=\"attachment-full size-full\" alt=\"\" srcset=\"https:\/\/koto.rs\/wp-content\/uploads\/2025\/10\/ISO-45001_2018_En.jpg 612w, https:\/\/koto.rs\/wp-content\/uploads\/2025\/10\/ISO-45001_2018_En-214x300.jpg 214w, https:\/\/koto.rs\/wp-content\/uploads\/2025\/10\/ISO-45001_2018_En-9x12.jpg 9w, https:\/\/koto.rs\/wp-content\/uploads\/2025\/10\/ISO-45001_2018_En-600x841.jpg 600w\" sizes=\"(max-width: 612px) 100vw, 612px\" \/>\t<\/div>\n\t<div class=\"qodef-m-content\">\n\t\t\t<h6 class=\"qodef-m-title\" >\n\t\t\t\t\tISO 45001\t\t\t<\/h6>\n\t\t\t<p class=\"qodef-m-text\" >Occupational Health and Safety Management System<\/p>\n\t<\/div>\n<\/div>\n\t\t<\/div>\n\t\t\t\t<\/div>\n\t\t\t\t\t<\/div>\n\t\t<\/div>\n\t\t\t\t<div class=\"elementor-column elementor-col-33 elementor-top-column elementor-element elementor-element-7793b43\" data-id=\"7793b43\" data-element_type=\"column\">\n\t\t\t<div class=\"elementor-widget-wrap elementor-element-populated\">\n\t\t\t\t\t\t\t\t<div class=\"elementor-element elementor-element-9b917de elementor-widget elementor-widget-archicon_core_image_with_text\" data-id=\"9b917de\" data-element_type=\"widget\" data-widget_type=\"archicon_core_image_with_text.default\">\n\t\t\t\t<div class=\"elementor-widget-container\">\n\t\t\t<div class=\"qodef-shortcode qodef-m  qodef-image-with-text qodef-layout--text-below\">\n\t<div class=\"qodef-m-image\">\n\t\t\t<img loading=\"lazy\" decoding=\"async\" width=\"612\" height=\"858\" src=\"https:\/\/koto.rs\/wp-content\/uploads\/2025\/10\/ISO-22301_2019_En.jpg\" class=\"attachment-full size-full\" alt=\"\" srcset=\"https:\/\/koto.rs\/wp-content\/uploads\/2025\/10\/ISO-22301_2019_En.jpg 612w, https:\/\/koto.rs\/wp-content\/uploads\/2025\/10\/ISO-22301_2019_En-214x300.jpg 214w, https:\/\/koto.rs\/wp-content\/uploads\/2025\/10\/ISO-22301_2019_En-9x12.jpg 9w, https:\/\/koto.rs\/wp-content\/uploads\/2025\/10\/ISO-22301_2019_En-600x841.jpg 600w\" sizes=\"(max-width: 612px) 100vw, 612px\" \/>\t<\/div>\n\t<div class=\"qodef-m-content\">\n\t\t\t<h6 class=\"qodef-m-title\" >\n\t\t\t\t\tISO 22301\t\t\t<\/h6>\n\t\t\t<p class=\"qodef-m-text\" >Business Continuity Management System<\/p>\n\t<\/div>\n<\/div>\n\t\t<\/div>\n\t\t\t\t<\/div>\n\t\t\t\t\t<\/div>\n\t\t<\/div>\n\t\t\t\t<div class=\"elementor-column elementor-col-33 elementor-top-column elementor-element elementor-element-7b78b32\" data-id=\"7b78b32\" data-element_type=\"column\">\n\t\t\t<div class=\"elementor-widget-wrap elementor-element-populated\">\n\t\t\t\t\t\t\t\t<div class=\"elementor-element elementor-element-57677d6 elementor-widget elementor-widget-archicon_core_image_with_text\" data-id=\"57677d6\" data-element_type=\"widget\" data-widget_type=\"archicon_core_image_with_text.default\">\n\t\t\t\t<div class=\"elementor-widget-container\">\n\t\t\t<div class=\"qodef-shortcode qodef-m  qodef-image-with-text qodef-layout--text-below\">\n\t<div class=\"qodef-m-image\">\n\t\t\t<img loading=\"lazy\" decoding=\"async\" width=\"612\" height=\"858\" src=\"https:\/\/koto.rs\/wp-content\/uploads\/2025\/10\/ISO-37001_2016_En.jpg\" class=\"attachment-full size-full\" alt=\"\" srcset=\"https:\/\/koto.rs\/wp-content\/uploads\/2025\/10\/ISO-37001_2016_En.jpg 612w, https:\/\/koto.rs\/wp-content\/uploads\/2025\/10\/ISO-37001_2016_En-214x300.jpg 214w, https:\/\/koto.rs\/wp-content\/uploads\/2025\/10\/ISO-37001_2016_En-9x12.jpg 9w, https:\/\/koto.rs\/wp-content\/uploads\/2025\/10\/ISO-37001_2016_En-600x841.jpg 600w\" sizes=\"(max-width: 612px) 100vw, 612px\" \/>\t<\/div>\n\t<div class=\"qodef-m-content\">\n\t\t\t<h6 class=\"qodef-m-title\" >\n\t\t\t\t\tISO 37001\t\t\t<\/h6>\n\t\t\t<p class=\"qodef-m-text\" >Anti-Bribery Management System<\/p>\n\t<\/div>\n<\/div>\n\t\t<\/div>\n\t\t\t\t<\/div>\n\t\t\t\t\t<\/div>\n\t\t<\/div>\n\t\t\t\t\t\t\t<\/div>\n\t\t<\/section>\n\t\t\t\t<section class=\"elementor-section elementor-top-section elementor-element elementor-element-303eafe elementor-section-boxed elementor-section-height-default elementor-section-height-default qodef-elementor-content-no\" data-id=\"303eafe\" data-element_type=\"section\">\n\t\t\t\t\t\t<div class=\"elementor-container elementor-column-gap-default\">\n\t\t\t\t\t<div class=\"elementor-column elementor-col-33 elementor-top-column elementor-element elementor-element-6e5d041\" data-id=\"6e5d041\" data-element_type=\"column\">\n\t\t\t<div class=\"elementor-widget-wrap elementor-element-populated\">\n\t\t\t\t\t\t\t\t<div class=\"elementor-element elementor-element-28028ce elementor-widget elementor-widget-archicon_core_image_with_text\" data-id=\"28028ce\" data-element_type=\"widget\" data-widget_type=\"archicon_core_image_with_text.default\">\n\t\t\t\t<div class=\"elementor-widget-container\">\n\t\t\t<div class=\"qodef-shortcode qodef-m  qodef-image-with-text qodef-layout--text-below\">\n\t<div class=\"qodef-m-image\">\n\t\t\t<img loading=\"lazy\" decoding=\"async\" width=\"612\" height=\"858\" src=\"https:\/\/koto.rs\/wp-content\/uploads\/2025\/10\/ISO-50001_2018_En.jpg\" class=\"attachment-full size-full\" alt=\"\" srcset=\"https:\/\/koto.rs\/wp-content\/uploads\/2025\/10\/ISO-50001_2018_En.jpg 612w, https:\/\/koto.rs\/wp-content\/uploads\/2025\/10\/ISO-50001_2018_En-214x300.jpg 214w, https:\/\/koto.rs\/wp-content\/uploads\/2025\/10\/ISO-50001_2018_En-9x12.jpg 9w, https:\/\/koto.rs\/wp-content\/uploads\/2025\/10\/ISO-50001_2018_En-600x841.jpg 600w\" sizes=\"(max-width: 612px) 100vw, 612px\" \/>\t<\/div>\n\t<div class=\"qodef-m-content\">\n\t\t\t<h6 class=\"qodef-m-title\" >\n\t\t\t\t\tISO 50001\t\t\t<\/h6>\n\t\t\t<p class=\"qodef-m-text\" >Energy Management System<\/p>\n\t<\/div>\n<\/div>\n\t\t<\/div>\n\t\t\t\t<\/div>\n\t\t\t\t\t<\/div>\n\t\t<\/div>\n\t\t\t\t<div class=\"elementor-column elementor-col-33 elementor-top-column elementor-element elementor-element-83cf2b8\" data-id=\"83cf2b8\" data-element_type=\"column\">\n\t\t\t<div class=\"elementor-widget-wrap\">\n\t\t\t\t\t\t\t\t\t<\/div>\n\t\t<\/div>\n\t\t\t\t<div class=\"elementor-column elementor-col-33 elementor-top-column elementor-element elementor-element-0b192d8\" data-id=\"0b192d8\" data-element_type=\"column\">\n\t\t\t<div class=\"elementor-widget-wrap\">\n\t\t\t\t\t\t\t\t\t<\/div>\n\t\t<\/div>\n\t\t\t\t\t\t\t<\/div>\n\t\t<\/section>\n\t\t\t\t<section class=\"elementor-section elementor-top-section elementor-element elementor-element-cfa3c20 elementor-section-full_width elementor-section-height-default elementor-section-height-default qodef-elementor-content-no\" data-id=\"cfa3c20\" data-element_type=\"section\">\n\t\t\t\t\t\t<div class=\"elementor-container elementor-column-gap-default\">\n\t\t\t\t\t<div class=\"elementor-column elementor-col-100 elementor-top-column elementor-element elementor-element-6890b70\" data-id=\"6890b70\" data-element_type=\"column\">\n\t\t\t<div class=\"elementor-widget-wrap elementor-element-populated\">\n\t\t\t\t\t\t\t\t<div class=\"elementor-element elementor-element-21446b8 elementor-widget__width-inherit elementor-widget elementor-widget-qi_addons_for_elementor_separator\" data-id=\"21446b8\" data-element_type=\"widget\" data-widget_type=\"qi_addons_for_elementor_separator.default\">\n\t\t\t\t<div class=\"elementor-widget-container\">\n\t\t\t<div class=\"qodef-shortcode qodef-m  qodef-qi-separator qodef-qi-clear qodef-separator--standard\">\n\t<div class=\"qodef-m-line\"><\/div>\n<\/div>\n\t\t<\/div>\n\t\t\t\t<\/div>\n\t\t\t\t\t<\/div>\n\t\t<\/div>\n\t\t\t\t\t\t\t<\/div>\n\t\t<\/section>\n\t\t\t\t\t\t\t<\/div>","protected":false},"excerpt":{"rendered":"<p>ISO Sertifikati Kvalitet i upravljivost poslovnih procesa i poslovnog sistema u celini (ISO 9001), odgovorno, upravljivo i odr\u017eivo poslovanje sa aspekta za\u0161tite \u017eivotne sredine (ISO 14001), kontinuiteta poslovanja (ISO 22301), bezbednosti informacija (ISO 27001), protiv mita (ISO 37001) bezbednosti i zdravlja na radu (ISO 45001), energetske efikasnosti (ISO 50001), preduze\u0107e KOTO dokazuje sertifikatima o implementiranom [&hellip;]<\/p>","protected":false},"author":1,"featured_media":0,"parent":0,"menu_order":0,"comment_status":"closed","ping_status":"closed","template":"page-full-width.php","meta":{"footnotes":""},"class_list":["post-15278","page","type-page","status-publish","hentry"],"_links":{"self":[{"href":"https:\/\/koto.rs\/en\/wp-json\/wp\/v2\/pages\/15278","targetHints":{"allow":["GET"]}}],"collection":[{"href":"https:\/\/koto.rs\/en\/wp-json\/wp\/v2\/pages"}],"about":[{"href":"https:\/\/koto.rs\/en\/wp-json\/wp\/v2\/types\/page"}],"author":[{"embeddable":true,"href":"https:\/\/koto.rs\/en\/wp-json\/wp\/v2\/users\/1"}],"replies":[{"embeddable":true,"href":"https:\/\/koto.rs\/en\/wp-json\/wp\/v2\/comments?post=15278"}],"version-history":[{"count":49,"href":"https:\/\/koto.rs\/en\/wp-json\/wp\/v2\/pages\/15278\/revisions"}],"predecessor-version":[{"id":17139,"href":"https:\/\/koto.rs\/en\/wp-json\/wp\/v2\/pages\/15278\/revisions\/17139"}],"wp:attachment":[{"href":"https:\/\/koto.rs\/en\/wp-json\/wp\/v2\/media?parent=15278"}],"curies":[{"name":"wp","href":"https:\/\/api.w.org\/{rel}","templated":true}]}}