{"id":15458,"date":"2023-08-16T15:00:20","date_gmt":"2023-08-16T15:00:20","guid":{"rendered":"https:\/\/pbfsee.rs\/?page_id=15458"},"modified":"2023-09-18T07:29:36","modified_gmt":"2023-09-18T07:29:36","slug":"contact","status":"publish","type":"page","link":"https:\/\/koto.rs\/en\/contact\/","title":{"rendered":"Contact"},"content":{"rendered":"<div data-elementor-type=\"wp-page\" data-elementor-id=\"15458\" class=\"elementor elementor-15458\" data-elementor-post-type=\"page\">\n\t\t\t\t\t\t\t\t\t<section class=\"elementor-section elementor-top-section elementor-element elementor-element-19f6dc4 elementor-section-full_width elementor-section-height-default elementor-section-height-default qodef-elementor-content-no\" data-id=\"19f6dc4\" data-element_type=\"section\" data-settings=\"{&quot;background_background&quot;:&quot;classic&quot;}\">\n\t\t\t\t\t\t<div class=\"elementor-container elementor-column-gap-default\">\n\t\t\t\t\t<div class=\"elementor-column elementor-col-100 elementor-top-column elementor-element elementor-element-f9ffe46\" data-id=\"f9ffe46\" data-element_type=\"column\" data-settings=\"{&quot;background_background&quot;:&quot;classic&quot;}\">\n\t\t\t<div class=\"elementor-widget-wrap elementor-element-populated\">\n\t\t\t\t\t\t\t\t<div class=\"elementor-element elementor-element-5bce177 elementor-widget__width-initial elementor-widget elementor-widget-archicon_core_section_title\" data-id=\"5bce177\" data-element_type=\"widget\" data-widget_type=\"archicon_core_section_title.default\">\n\t\t\t\t<div class=\"elementor-widget-container\">\n\t\t\t<div class=\"qodef-shortcode qodef-m specijalniNaslov qodef-section-title qodef-alignment--center\"  >\n\t\t\t\t<h2 class=\"qodef-m-text\" >\n\t\tContact\t<\/h2>\n\t<\/div>\n\t\t<\/div>\n\t\t\t\t<\/div>\n\t\t\t\t\t<\/div>\n\t\t<\/div>\n\t\t\t\t\t\t\t<\/div>\n\t\t<\/section>\n\t\t\t\t<section class=\"elementor-section elementor-top-section elementor-element elementor-element-26f18b2 elementor-section-boxed elementor-section-height-default elementor-section-height-default qodef-elementor-content-no\" data-id=\"26f18b2\" data-element_type=\"section\" data-settings=\"{&quot;background_background&quot;:&quot;classic&quot;}\">\n\t\t\t\t\t\t<div class=\"elementor-container elementor-column-gap-default\">\n\t\t\t\t\t<div class=\"elementor-column elementor-col-100 elementor-top-column elementor-element elementor-element-ab566a5\" data-id=\"ab566a5\" data-element_type=\"column\">\n\t\t\t<div class=\"elementor-widget-wrap elementor-element-populated\">\n\t\t\t\t\t\t\t\t<div class=\"elementor-element elementor-element-44a85a4 elementor-widget elementor-widget-archicon_core_section_title\" data-id=\"44a85a4\" data-element_type=\"widget\" data-widget_type=\"archicon_core_section_title.default\">\n\t\t\t\t<div class=\"elementor-widget-container\">\n\t\t\t<div class=\"qodef-shortcode qodef-m  qodef-section-title qodef-alignment--left\"  >\n\t\t\t<h2 class=\"qodef-m-title\" >\n\t<span class=\"qodef-m-title-inner\" >\n\t\t\tWrite to us\t\t<\/span>\n\t<\/h2>\n\t\t<\/div>\n\t\t<\/div>\n\t\t\t\t<\/div>\n\t\t\t\t<div class=\"elementor-element elementor-element-3b9bcbf elementor-widget elementor-widget-wp-widget-archicon_core_contact_form_7\" data-id=\"3b9bcbf\" data-element_type=\"widget\" data-widget_type=\"wp-widget-archicon_core_contact_form_7.default\">\n\t\t\t\t<div class=\"elementor-widget-container\">\n\t\t\t\t\t\t<div class=\"qodef-contact-form-7\">\n\t\t\t\t\n<div class=\"wpcf7 no-js\" id=\"wpcf7-f5818-o1\" lang=\"en-US\" dir=\"ltr\">\n<div class=\"screen-reader-response\"><p role=\"status\" aria-live=\"polite\" aria-atomic=\"true\"><\/p> <ul><\/ul><\/div>\n<form action=\"\/en\/wp-json\/wp\/v2\/pages\/15458#wpcf7-f5818-o1\" method=\"post\" class=\"wpcf7-form init\" aria-label=\"Contact form\" novalidate=\"novalidate\" data-status=\"init\" data-trp-original-action=\"\/en\/wp-json\/wp\/v2\/pages\/15458#wpcf7-f5818-o1\">\n<div style=\"display: none;\">\n<input type=\"hidden\" name=\"_wpcf7\" value=\"5818\" \/>\n<input type=\"hidden\" name=\"_wpcf7_version\" value=\"5.8.5\" \/>\n<input type=\"hidden\" name=\"_wpcf7_locale\" value=\"en_US\" \/>\n<input type=\"hidden\" name=\"_wpcf7_unit_tag\" value=\"wpcf7-f5818-o1\" \/>\n<input type=\"hidden\" name=\"_wpcf7_container_post\" value=\"0\" \/>\n<input type=\"hidden\" name=\"_wpcf7_posted_data_hash\" value=\"\" \/>\n<\/div>\n<div class=\"qodef-contact-form-style\"><div class=\"qodef-contact-form-grid-style\"><span class=\"wpcf7-form-control-wrap\" data-name=\"your-name\"><input size=\"40\" class=\"wpcf7-form-control wpcf7-text wpcf7-validates-as-required\" aria-required=\"true\" aria-invalid=\"false\" placeholder=\"Name\" value=\"\" type=\"text\" name=\"your-name\" \/><\/span><span class=\"wpcf7-form-control-wrap\" data-name=\"your-email\"><input size=\"40\" class=\"wpcf7-form-control wpcf7-email wpcf7-text wpcf7-validates-as-email\" aria-invalid=\"false\" placeholder=\"Email\" value=\"\" type=\"email\" name=\"your-email\" \/><\/span><\/div><span class=\"wpcf7-form-control-wrap\" data-name=\"your-message\"><textarea cols=\"40\" rows=\"6\" class=\"wpcf7-form-control wpcf7-textarea wpcf7-validates-as-required\" aria-required=\"true\" aria-invalid=\"false\" placeholder=\"A message\" name=\"your-message\"><\/textarea><\/span><button class=\"wpcf7-form-control wpcf7-submit qodef-button qodef-size--normal qodef-layout--filled qodef-m\" type=\"submit\"><span class=\"qodef-m-reveal\"><\/span><span class=\"qodef-m-text\">Send<\/span><\/button><\/div><div class=\"wpcf7-response-output\" aria-hidden=\"true\"><\/div>\n<input type=\"hidden\" name=\"trp-form-language\" value=\"en\"\/><\/form>\n<\/div>\n\t\t\t<\/div>\n\t\t\t\t\t<\/div>\n\t\t\t\t<\/div>\n\t\t\t\t\t<\/div>\n\t\t<\/div>\n\t\t\t\t\t\t\t<\/div>\n\t\t<\/section>\n\t\t\t\t<section class=\"elementor-section elementor-top-section elementor-element elementor-element-3db2f4c elementor-section-boxed elementor-section-height-default elementor-section-height-default qodef-elementor-content-no\" data-id=\"3db2f4c\" data-element_type=\"section\">\n\t\t\t\t\t\t<div class=\"elementor-container elementor-column-gap-default\">\n\t\t\t\t\t<div class=\"elementor-column elementor-col-33 elementor-top-column elementor-element elementor-element-2748560\" data-id=\"2748560\" data-element_type=\"column\">\n\t\t\t<div class=\"elementor-widget-wrap elementor-element-populated\">\n\t\t\t\t\t\t\t\t<section class=\"elementor-section elementor-inner-section elementor-element elementor-element-9741f8e elementor-reverse-mobile elementor-section-boxed elementor-section-height-default elementor-section-height-default qodef-elementor-content-no\" data-id=\"9741f8e\" data-element_type=\"section\">\n\t\t\t\t\t\t<div class=\"elementor-container elementor-column-gap-default\">\n\t\t\t\t\t<div class=\"elementor-column elementor-col-100 elementor-inner-column elementor-element elementor-element-195a00a\" data-id=\"195a00a\" data-element_type=\"column\">\n\t\t\t<div class=\"elementor-widget-wrap elementor-element-populated\">\n\t\t\t\t\t\t\t\t<div class=\"elementor-element elementor-element-73db31f elementor-widget elementor-widget-archicon_core_section_title\" data-id=\"73db31f\" data-element_type=\"widget\" data-widget_type=\"archicon_core_section_title.default\">\n\t\t\t\t<div class=\"elementor-widget-container\">\n\t\t\t<div class=\"qodef-shortcode qodef-m  qodef-section-title qodef-alignment--left\"  >\n\t\t\t<h4 class=\"qodef-m-title\" >\n\t<span class=\"qodef-m-title-inner\" >\n\t\t\tDirectorate\t\t<\/span>\n\t<\/h4>\n\t\t<\/div>\n\t\t<\/div>\n\t\t\t\t<\/div>\n\t\t\t\t<div class=\"elementor-element elementor-element-3db60ea elementor-widget__width-initial qodef-custom-link elementor-widget elementor-widget-text-editor\" data-id=\"3db60ea\" data-element_type=\"widget\" data-widget_type=\"text-editor.default\">\n\t\t\t\t<div class=\"elementor-widget-container\">\n\t\t\t<style>\/*! elementor - v3.18.0 - 20-12-2023 *\/\n.elementor-widget-text-editor.elementor-drop-cap-view-stacked .elementor-drop-cap{background-color:#69727d;color:#fff}.elementor-widget-text-editor.elementor-drop-cap-view-framed .elementor-drop-cap{color:#69727d;border:3px solid;background-color:transparent}.elementor-widget-text-editor:not(.elementor-drop-cap-view-default) .elementor-drop-cap{margin-top:8px}.elementor-widget-text-editor:not(.elementor-drop-cap-view-default) .elementor-drop-cap-letter{width:1em;height:1em}.elementor-widget-text-editor .elementor-drop-cap{float:left;text-align:center;line-height:1;font-size:50px}.elementor-widget-text-editor .elementor-drop-cap-letter{display:inline-block}<\/style>\t\t\t\t<p><a href=\"https:\/\/goo.gl\/maps\/GodjKBxFFgzBsnGR9\">Vojvode Stepe No. 466,<br \/>11000 Belgrade, <br \/>Serbia<\/a><br \/><a href=\"tel:+381113097410\" target=\"_self\" rel=\"noopener\">+381 11 309-7410<\/a><br \/><a href=\"tel:+381 11 394-5124\">+381 11 394-5124<\/a><br \/><a href=\"tel:+381 11 394-8388\">+381 11 394-8388<\/a><br \/><a href=\"mailto:office@koto.rs\" target=\"_self\" rel=\"noopener\">office@koto.rs<\/a><\/p>\t\t\t\t\t\t<\/div>\n\t\t\t\t<\/div>\n\t\t\t\t\t<\/div>\n\t\t<\/div>\n\t\t\t\t\t\t\t<\/div>\n\t\t<\/section>\n\t\t\t\t\t<\/div>\n\t\t<\/div>\n\t\t\t\t<div class=\"elementor-column elementor-col-33 elementor-top-column elementor-element elementor-element-8a72958\" data-id=\"8a72958\" data-element_type=\"column\">\n\t\t\t<div class=\"elementor-widget-wrap elementor-element-populated\">\n\t\t\t\t\t\t\t\t<section class=\"elementor-section elementor-inner-section elementor-element elementor-element-cd2b6f3 elementor-reverse-mobile elementor-section-boxed elementor-section-height-default elementor-section-height-default qodef-elementor-content-no\" data-id=\"cd2b6f3\" data-element_type=\"section\">\n\t\t\t\t\t\t<div class=\"elementor-container elementor-column-gap-default\">\n\t\t\t\t\t<div class=\"elementor-column elementor-col-100 elementor-inner-column elementor-element elementor-element-558c6ba\" data-id=\"558c6ba\" data-element_type=\"column\">\n\t\t\t<div class=\"elementor-widget-wrap elementor-element-populated\">\n\t\t\t\t\t\t\t\t<div class=\"elementor-element elementor-element-2d11356 elementor-widget elementor-widget-archicon_core_section_title\" data-id=\"2d11356\" data-element_type=\"widget\" data-widget_type=\"archicon_core_section_title.default\">\n\t\t\t\t<div class=\"elementor-widget-container\">\n\t\t\t<div class=\"qodef-shortcode qodef-m  qodef-section-title qodef-alignment--left\"  >\n\t\t\t<h4 class=\"qodef-m-title\" >\n\t<span class=\"qodef-m-title-inner\" >\n\t\t\tBanja Luka office\t\t<\/span>\n\t<\/h4>\n\t\t<\/div>\n\t\t<\/div>\n\t\t\t\t<\/div>\n\t\t\t\t<div class=\"elementor-element elementor-element-3cabfc8 elementor-widget__width-initial qodef-custom-link elementor-widget elementor-widget-text-editor\" data-id=\"3cabfc8\" data-element_type=\"widget\" data-widget_type=\"text-editor.default\">\n\t\t\t\t<div class=\"elementor-widget-container\">\n\t\t\t\t\t\t\t<p><a href=\"https:\/\/goo.gl\/maps\/iQkToDmivx2c9d8BA\" target=\"_blank\" rel=\"noopener\">Branka Popovi\u0107a 24a,<br \/>Banja Luka 78000,<br \/>Bosnia and Herzegovina<\/a><br \/><a href=\"tel:+38751963565\" target=\"_self\" rel=\"noopener\">+38751963565<\/a><br \/><a href=\"mailto:office@koto.rs\">office@koto.rs<\/a><\/p>\t\t\t\t\t\t<\/div>\n\t\t\t\t<\/div>\n\t\t\t\t\t<\/div>\n\t\t<\/div>\n\t\t\t\t\t\t\t<\/div>\n\t\t<\/section>\n\t\t\t\t\t<\/div>\n\t\t<\/div>\n\t\t\t\t<div class=\"elementor-column elementor-col-33 elementor-top-column elementor-element elementor-element-80885d6\" data-id=\"80885d6\" data-element_type=\"column\">\n\t\t\t<div class=\"elementor-widget-wrap elementor-element-populated\">\n\t\t\t\t\t\t\t\t<section class=\"elementor-section elementor-inner-section elementor-element elementor-element-ba84621 elementor-reverse-mobile elementor-section-boxed elementor-section-height-default elementor-section-height-default qodef-elementor-content-no\" data-id=\"ba84621\" data-element_type=\"section\">\n\t\t\t\t\t\t<div class=\"elementor-container elementor-column-gap-default\">\n\t\t\t\t\t<div class=\"elementor-column elementor-col-100 elementor-inner-column elementor-element elementor-element-0b4729f\" data-id=\"0b4729f\" data-element_type=\"column\">\n\t\t\t<div class=\"elementor-widget-wrap elementor-element-populated\">\n\t\t\t\t\t\t\t\t<div class=\"elementor-element elementor-element-2590292 elementor-widget elementor-widget-archicon_core_section_title\" data-id=\"2590292\" data-element_type=\"widget\" data-widget_type=\"archicon_core_section_title.default\">\n\t\t\t\t<div class=\"elementor-widget-container\">\n\t\t\t<div class=\"qodef-shortcode qodef-m  qodef-section-title qodef-alignment--left\"  >\n\t\t\t<h4 class=\"qodef-m-title\" >\n\t<span class=\"qodef-m-title-inner\" >\n\t\t\tPodgorica office\t\t<\/span>\n\t<\/h4>\n\t\t<\/div>\n\t\t<\/div>\n\t\t\t\t<\/div>\n\t\t\t\t<div class=\"elementor-element elementor-element-09114a4 elementor-widget__width-initial qodef-custom-link elementor-widget elementor-widget-text-editor\" data-id=\"09114a4\" data-element_type=\"widget\" data-widget_type=\"text-editor.default\">\n\t\t\t\t<div class=\"elementor-widget-container\">\n\t\t\t\t\t\t\t<p><a href=\"https:\/\/goo.gl\/maps\/vgYNdRbhZ1RDGz6u8\">Kara\u0111or\u0111eva 6\/1, Podgorica 81110, Montenegro<\/a><br \/><a href=\"mailto:office@koto.rs\">office@koto.rs<\/a><\/p>\t\t\t\t\t\t<\/div>\n\t\t\t\t<\/div>\n\t\t\t\t\t<\/div>\n\t\t<\/div>\n\t\t\t\t\t\t\t<\/div>\n\t\t<\/section>\n\t\t\t\t\t<\/div>\n\t\t<\/div>\n\t\t\t\t\t\t\t<\/div>\n\t\t<\/section>\n\t\t\t\t<section class=\"elementor-section elementor-top-section elementor-element elementor-element-39a4e6f elementor-section-boxed elementor-section-height-default elementor-section-height-default qodef-elementor-content-no\" data-id=\"39a4e6f\" data-element_type=\"section\" data-settings=\"{&quot;background_background&quot;:&quot;classic&quot;}\">\n\t\t\t\t\t\t<div class=\"elementor-container elementor-column-gap-default\">\n\t\t\t\t\t<div class=\"elementor-column elementor-col-100 elementor-top-column elementor-element elementor-element-dd3d175\" data-id=\"dd3d175\" data-element_type=\"column\">\n\t\t\t<div class=\"elementor-widget-wrap elementor-element-populated\">\n\t\t\t\t\t\t\t\t<div class=\"elementor-element elementor-element-127001e elementor-widget elementor-widget-archicon_core_section_title\" data-id=\"127001e\" data-element_type=\"widget\" data-widget_type=\"archicon_core_section_title.default\">\n\t\t\t\t<div class=\"elementor-widget-container\">\n\t\t\t<div class=\"qodef-shortcode qodef-m specijalniNaslov qodef-section-title qodef-alignment--left\"  >\n\t\t<p class=\"qodef-m-tagline\" >\r\n\t\tKoto Directorate\t<\/p>\r\n\t\t<h2 class=\"qodef-m-title\" >\n\t<span class=\"qodef-m-title-inner\" >\n\t\t\t Our company is located at 466 Vojvode Stepe Street. \t\t<\/span>\n\t<\/h2>\n\t\t<h5 class=\"qodef-m-text\" >\n\t\tIt is easiest to orientate yourself in relation to the Faculty of Pharmacy and the Torlak Institute, in the immediate vicinity of which we are located.\t<\/h5>\n\t<\/div>\n\t\t<\/div>\n\t\t\t\t<\/div>\n\t\t\t\t\t<\/div>\n\t\t<\/div>\n\t\t\t\t\t\t\t<\/div>\n\t\t<\/section>\n\t\t\t\t\t\t\t<\/div>","protected":false},"excerpt":{"rendered":"<p>Contact Write to us Directorate of Vojvode Stepe no 466,11000 Belgrade, Serbia+381 11 309-7410+381 11 394-5124+381 11 394-8388office@koto.rs Banja Luka office Branka Popovi\u0107a 24a,Banja Luka 78000,Bosnia and Herzegovina+ 38751963565office@koto.rs Podgorica office Kara\u0111or\u0111eva 6\/1, Podgorica 81110, Montenegrooffice@koto.rs Koto Directorate Our company is located at 466 Vojvode Stepe Street. It is easiest to orient yourself in relation to [...]<\/p>","protected":false},"author":1,"featured_media":0,"parent":0,"menu_order":0,"comment_status":"closed","ping_status":"closed","template":"page-full-width.php","meta":{"footnotes":""},"class_list":["post-15458","page","type-page","status-publish","hentry"],"_links":{"self":[{"href":"https:\/\/koto.rs\/en\/wp-json\/wp\/v2\/pages\/15458","targetHints":{"allow":["GET"]}}],"collection":[{"href":"https:\/\/koto.rs\/en\/wp-json\/wp\/v2\/pages"}],"about":[{"href":"https:\/\/koto.rs\/en\/wp-json\/wp\/v2\/types\/page"}],"author":[{"embeddable":true,"href":"https:\/\/koto.rs\/en\/wp-json\/wp\/v2\/users\/1"}],"replies":[{"embeddable":true,"href":"https:\/\/koto.rs\/en\/wp-json\/wp\/v2\/comments?post=15458"}],"version-history":[{"count":61,"href":"https:\/\/koto.rs\/en\/wp-json\/wp\/v2\/pages\/15458\/revisions"}],"predecessor-version":[{"id":16129,"href":"https:\/\/koto.rs\/en\/wp-json\/wp\/v2\/pages\/15458\/revisions\/16129"}],"wp:attachment":[{"href":"https:\/\/koto.rs\/en\/wp-json\/wp\/v2\/media?parent=15458"}],"curies":[{"name":"wp","href":"https:\/\/api.w.org\/{rel}","templated":true}]}}